{"id":76,"date":"2026-01-21T23:51:45","date_gmt":"2026-01-22T02:51:45","guid":{"rendered":"https:\/\/1275cloud.com.br\/apamilajes\/home\/"},"modified":"2026-01-21T23:51:51","modified_gmt":"2026-01-22T02:51:51","slug":"home","status":"publish","type":"page","link":"https:\/\/1275cloud.com.br\/apamilajes\/","title":{"rendered":"Home"},"content":{"rendered":"\t\t<div data-elementor-type=\"wp-page\" data-elementor-id=\"76\" class=\"elementor elementor-76\" data-elementor-post-type=\"page\">\n\t\t\t\t<div class=\"elementor-element elementor-element-19c4cb72 e-con-full e-flex e-con e-parent\" data-id=\"19c4cb72\" data-element_type=\"container\" data-e-type=\"container\" data-settings=\"{&quot;background_background&quot;:&quot;classic&quot;,&quot;jet_parallax_layout_list&quot;:[],&quot;background_motion_fx_motion_fx_scrolling&quot;:&quot;yes&quot;,&quot;background_motion_fx_scale_effect&quot;:&quot;yes&quot;,&quot;background_motion_fx_scale_direction&quot;:&quot;out-in&quot;,&quot;background_motion_fx_scale_speed&quot;:{&quot;unit&quot;:&quot;px&quot;,&quot;size&quot;:4,&quot;sizes&quot;:[]},&quot;background_motion_fx_scale_range&quot;:{&quot;unit&quot;:&quot;%&quot;,&quot;size&quot;:&quot;&quot;,&quot;sizes&quot;:{&quot;start&quot;:20,&quot;end&quot;:80}},&quot;background_motion_fx_devices&quot;:[&quot;desktop&quot;,&quot;tablet&quot;,&quot;mobile&quot;]}\">\n\t\t<div class=\"elementor-element elementor-element-7e21c217 e-flex e-con-boxed e-con e-child\" data-id=\"7e21c217\" data-element_type=\"container\" data-e-type=\"container\" data-settings=\"{&quot;jet_parallax_layout_list&quot;:[]}\">\n\t\t\t\t\t<div class=\"e-con-inner\">\n\t\t\t\t<div class=\"elementor-element elementor-element-340cc38f elementor-widget elementor-widget-heading\" data-id=\"340cc38f\" data-element_type=\"widget\" data-e-type=\"widget\" data-widget_type=\"heading.default\">\n\t\t\t\t\t<h2 class=\"elementor-heading-title elementor-size-default\">A P A M I<\/h2>\t\t\t\t<\/div>\n\t\t\t\t<div class=\"elementor-element elementor-element-620d647b elementor-widget elementor-widget-heading\" data-id=\"620d647b\" data-element_type=\"widget\" data-e-type=\"widget\" data-widget_type=\"heading.default\">\n\t\t\t\t\t<h2 class=\"elementor-heading-title elementor-size-default\">Associa\u00e7\u00e3o de Prote\u00e7\u00e3o e Assist\u00eancia\na<BR> Maternidade e a Inf\u00e2ncia de Lajes-RN<\/h2>\t\t\t\t<\/div>\n\t\t<div class=\"elementor-element elementor-element-407d9b50 e-con-full e-flex e-con e-child\" data-id=\"407d9b50\" data-element_type=\"container\" data-e-type=\"container\" data-settings=\"{&quot;jet_parallax_layout_list&quot;:[]}\">\n\t\t\t\t<div class=\"elementor-element elementor-element-39e6fa15 elementor-widget elementor-widget-button\" data-id=\"39e6fa15\" data-element_type=\"widget\" data-e-type=\"widget\" data-widget_type=\"button.default\">\n\t\t\t\t\t\t\t\t\t\t<a class=\"elementor-button elementor-button-link elementor-size-sm\" href=\"#\">\n\t\t\t\t\t\t<span class=\"elementor-button-content-wrapper\">\n\t\t\t\t\t\t\t\t\t<span class=\"elementor-button-text\">Doar<\/span>\n\t\t\t\t\t<\/span>\n\t\t\t\t\t<\/a>\n\t\t\t\t\t\t\t\t<\/div>\n\t\t\t\t<div class=\"elementor-element elementor-element-7e9e3388 elementor-widget elementor-widget-button\" data-id=\"7e9e3388\" data-element_type=\"widget\" data-e-type=\"widget\" data-widget_type=\"button.default\">\n\t\t\t\t\t\t\t\t\t\t<a class=\"elementor-button elementor-button-link elementor-size-sm\" href=\"#\">\n\t\t\t\t\t\t<span class=\"elementor-button-content-wrapper\">\n\t\t\t\t\t\t\t\t\t<span class=\"elementor-button-text\">Contato<\/span>\n\t\t\t\t\t<\/span>\n\t\t\t\t\t<\/a>\n\t\t\t\t\t\t\t\t<\/div>\n\t\t\t\t<\/div>\n\t\t\t\t\t<\/div>\n\t\t\t\t<\/div>\n\t\t\t\t<\/div>\n\t\t<div class=\"elementor-element elementor-element-48bb99 elementor-hidden-mobile e-flex e-con-boxed e-con e-parent\" data-id=\"48bb99\" data-element_type=\"container\" data-e-type=\"container\" data-settings=\"{&quot;background_background&quot;:&quot;classic&quot;,&quot;jet_parallax_layout_list&quot;:[]}\">\n\t\t\t\t\t<div class=\"e-con-inner\">\n\t\t<div class=\"elementor-element elementor-element-39722257 e-con-full e-flex e-con e-child\" data-id=\"39722257\" data-element_type=\"container\" data-e-type=\"container\" data-settings=\"{&quot;background_background&quot;:&quot;classic&quot;,&quot;jet_parallax_layout_list&quot;:[]}\">\n\t\t<div class=\"elementor-element elementor-element-2efad93b e-con-full e-flex e-con e-child\" data-id=\"2efad93b\" data-element_type=\"container\" data-e-type=\"container\" data-settings=\"{&quot;jet_parallax_layout_list&quot;:[]}\">\n\t\t<div class=\"elementor-element elementor-element-6edf0e25 e-con-full e-flex e-con e-child\" data-id=\"6edf0e25\" data-element_type=\"container\" data-e-type=\"container\" data-settings=\"{&quot;background_background&quot;:&quot;classic&quot;,&quot;jet_parallax_layout_list&quot;:[]}\">\n\t\t<div class=\"elementor-element elementor-element-3b7d9a4f e-con-full e-flex e-con e-child\" data-id=\"3b7d9a4f\" data-element_type=\"container\" data-e-type=\"container\" data-settings=\"{&quot;background_background&quot;:&quot;classic&quot;,&quot;jet_parallax_layout_list&quot;:[]}\">\n\t\t\t\t<div class=\"elementor-element elementor-element-44db6420 elementor-widget elementor-widget-heading\" data-id=\"44db6420\" data-element_type=\"widget\" data-e-type=\"widget\" data-widget_type=\"heading.default\">\n\t\t\t\t\t<h2 class=\"elementor-heading-title elementor-size-default\">01<\/h2>\t\t\t\t<\/div>\n\t\t\t\t<\/div>\n\t\t<div class=\"elementor-element elementor-element-227ca262 e-con-full e-flex e-con e-child\" data-id=\"227ca262\" data-element_type=\"container\" data-e-type=\"container\" data-settings=\"{&quot;jet_parallax_layout_list&quot;:[]}\">\n\t\t\t\t<div class=\"elementor-element elementor-element-3aa796d1 elementor-widget elementor-widget-text-editor\" data-id=\"3aa796d1\" data-element_type=\"widget\" data-e-type=\"widget\" data-widget_type=\"text-editor.default\">\n\t\t\t\t\t\t\t\t\t<p class=\"et_pb_module_header\"><strong>Miss\u00e3o<br \/><\/strong>Proporcionar uma sa\u00fade humanizada e de excel\u00eancia com foco na vida e no acolhimento com qualidade compet\u00eancia e \u00e9tica de forma integrada \u00e0 comunidade.<\/p>\t\t\t\t\t\t\t\t<\/div>\n\t\t\t\t<\/div>\n\t\t\t\t<\/div>\n\t\t<div class=\"elementor-element elementor-element-5c15a753 e-con-full e-flex e-con e-child\" data-id=\"5c15a753\" data-element_type=\"container\" data-e-type=\"container\" data-settings=\"{&quot;background_background&quot;:&quot;classic&quot;,&quot;jet_parallax_layout_list&quot;:[]}\">\n\t\t<div class=\"elementor-element elementor-element-2ba97d4b e-con-full e-flex e-con e-child\" data-id=\"2ba97d4b\" data-element_type=\"container\" data-e-type=\"container\" data-settings=\"{&quot;background_background&quot;:&quot;classic&quot;,&quot;jet_parallax_layout_list&quot;:[]}\">\n\t\t\t\t<div class=\"elementor-element elementor-element-2f98eda5 elementor-widget elementor-widget-heading\" data-id=\"2f98eda5\" data-element_type=\"widget\" data-e-type=\"widget\" data-widget_type=\"heading.default\">\n\t\t\t\t\t<h2 class=\"elementor-heading-title elementor-size-default\">02<\/h2>\t\t\t\t<\/div>\n\t\t\t\t<\/div>\n\t\t<div class=\"elementor-element elementor-element-430a19d8 e-con-full e-flex e-con e-child\" data-id=\"430a19d8\" data-element_type=\"container\" data-e-type=\"container\" data-settings=\"{&quot;jet_parallax_layout_list&quot;:[]}\">\n\t\t\t\t<div class=\"elementor-element elementor-element-3ca556c3 elementor-widget elementor-widget-text-editor\" data-id=\"3ca556c3\" data-element_type=\"widget\" data-e-type=\"widget\" data-widget_type=\"text-editor.default\">\n\t\t\t\t\t\t\t\t\t<p class=\"et_pb_module_header\"><strong>Vis\u00e3o<br \/><\/strong>Ser reconhecido a n\u00edvel Regional e Estadual pela excel\u00eancia em gest\u00e3o e pela assist\u00eancia nos servi\u00e7os em sa\u00fade ofertados enquanto hospital de m\u00e9dio porte e Maternidade, reconhecendo e valorizando em todo o processo as necessidades dos envolvidos sejam eles profissionais de sa\u00fade, colaboradores ou usu\u00e1rios.<br \/><br \/><\/p>\t\t\t\t\t\t\t\t<\/div>\n\t\t\t\t<\/div>\n\t\t\t\t<\/div>\n\t\t<div class=\"elementor-element elementor-element-51a95012 e-con-full e-flex e-con e-child\" data-id=\"51a95012\" data-element_type=\"container\" data-e-type=\"container\" data-settings=\"{&quot;background_background&quot;:&quot;classic&quot;,&quot;jet_parallax_layout_list&quot;:[]}\">\n\t\t<div class=\"elementor-element elementor-element-61cb1012 e-con-full e-flex e-con e-child\" data-id=\"61cb1012\" data-element_type=\"container\" data-e-type=\"container\" data-settings=\"{&quot;background_background&quot;:&quot;classic&quot;,&quot;jet_parallax_layout_list&quot;:[]}\">\n\t\t\t\t<div class=\"elementor-element elementor-element-610fb54b elementor-widget elementor-widget-heading\" data-id=\"610fb54b\" data-element_type=\"widget\" data-e-type=\"widget\" data-widget_type=\"heading.default\">\n\t\t\t\t\t<h2 class=\"elementor-heading-title elementor-size-default\">03<\/h2>\t\t\t\t<\/div>\n\t\t\t\t<\/div>\n\t\t<div class=\"elementor-element elementor-element-2348fe1d e-con-full e-flex e-con e-child\" data-id=\"2348fe1d\" data-element_type=\"container\" data-e-type=\"container\" data-settings=\"{&quot;jet_parallax_layout_list&quot;:[]}\">\n\t\t\t\t<div class=\"elementor-element elementor-element-47dd6067 elementor-widget elementor-widget-text-editor\" data-id=\"47dd6067\" data-element_type=\"widget\" data-e-type=\"widget\" data-widget_type=\"text-editor.default\">\n\t\t\t\t\t\t\t\t\t<p class=\"et_pb_module_header\"><strong>Valores<br \/><\/strong>Valoriza\u00e7\u00e3o da vida humaniza\u00e7\u00e3o, equidade, acolhimento, transpar\u00eancia, trabalho\u00a0em\u00a0equipe.<\/p>\t\t\t\t\t\t\t\t<\/div>\n\t\t\t\t<\/div>\n\t\t\t\t<\/div>\n\t\t\t\t<\/div>\n\t\t<div class=\"elementor-element elementor-element-16b8c709 e-con-full e-flex e-con e-child\" data-id=\"16b8c709\" data-element_type=\"container\" data-e-type=\"container\" data-settings=\"{&quot;jet_parallax_layout_list&quot;:[]}\">\n\t\t\t\t<\/div>\n\t\t\t\t<\/div>\n\t\t\t\t\t<\/div>\n\t\t\t\t<\/div>\n\t\t<div class=\"elementor-element elementor-element-49338027 e-flex e-con-boxed e-con e-parent\" data-id=\"49338027\" data-element_type=\"container\" data-e-type=\"container\" data-settings=\"{&quot;background_background&quot;:&quot;classic&quot;,&quot;jet_parallax_layout_list&quot;:[]}\">\n\t\t\t\t\t<div class=\"e-con-inner\">\n\t\t\t\t<div class=\"elementor-element elementor-element-2b69e48a elementor-widget elementor-widget-heading\" data-id=\"2b69e48a\" data-element_type=\"widget\" data-e-type=\"widget\" data-widget_type=\"heading.default\">\n\t\t\t\t\t<h2 class=\"elementor-heading-title elementor-size-default\">Quem Somos<\/h2>\t\t\t\t<\/div>\n\t\t\t\t<div class=\"elementor-element elementor-element-49b7a8e7 elementor-widget elementor-widget-text-editor\" data-id=\"49b7a8e7\" data-element_type=\"widget\" data-e-type=\"widget\" data-widget_type=\"text-editor.default\">\n\t\t\t\t\t\t\t\t\t<p>APAMI, inscrita no CNPJ sob o n\u00famero 08.202.459\/0001-80, com sede a Rua Alzira Soriano n\u00b0 18, centro, Lajes\/RN, entidade de personalidade jur\u00eddica de direito privado, sem fins lucrativos tem como objeto a presta\u00e7\u00e3o de servi\u00e7os em sa\u00fade de m\u00e9dia e alta complexidade. Como mantenedora do Hospital Maternidade Alu\u00edzio Alves, fundado em 25 de setembro de 2025, vem prestando servi\u00e7os de sa\u00fade ao munic\u00edpio de Lajes\/RN e atendendo tamb\u00e9m a toda circunvizinhan\u00e7a, exclusivamente pelo Sistema \u00danico de Sa\u00fade \u2013 SUS. Os servi\u00e7os ofertados abrangem: interna\u00e7\u00f5es hospitalares (AIH-SUS); servi\u00e7os de urg\u00eancia\/emerg\u00eancia, cirurgias eletivas e partos de baixo risco.<br \/>A institui\u00e7\u00e3o disp\u00f5e hoje de 32 leitos e atende aproximadamente 4.000 pacientes ao m\u00eas distribu\u00eddos em servi\u00e7os de urg\u00eancia\/emerg\u00eancia. S\u00e3o realizados em m\u00e9dia 22 cirurgias (m\u00eas).<\/p>\t\t\t\t\t\t\t\t<\/div>\n\t\t\t\t<div class=\"elementor-element elementor-element-69fded57 elementor-widget elementor-widget-button\" data-id=\"69fded57\" data-element_type=\"widget\" data-e-type=\"widget\" data-widget_type=\"button.default\">\n\t\t\t\t\t\t\t\t\t\t<a class=\"elementor-button elementor-button-link elementor-size-sm\" href=\"https:\/\/wa.me\/558499580011\">\n\t\t\t\t\t\t<span class=\"elementor-button-content-wrapper\">\n\t\t\t\t\t\t\t\t\t<span class=\"elementor-button-text\">Agende uma visita<\/span>\n\t\t\t\t\t<\/span>\n\t\t\t\t\t<\/a>\n\t\t\t\t\t\t\t\t<\/div>\n\t\t\t\t\t<\/div>\n\t\t\t\t<\/div>\n\t\t<div class=\"elementor-element elementor-element-fa8623d e-flex e-con-boxed e-con e-parent\" data-id=\"fa8623d\" data-element_type=\"container\" data-e-type=\"container\" data-settings=\"{&quot;background_background&quot;:&quot;classic&quot;,&quot;jet_parallax_layout_list&quot;:[]}\">\n\t\t\t\t\t<div class=\"e-con-inner\">\n\t\t\t\t<div class=\"elementor-element elementor-element-40bbfa27 elementor-widget elementor-widget-heading\" data-id=\"40bbfa27\" data-element_type=\"widget\" data-e-type=\"widget\" data-widget_type=\"heading.default\">\n\t\t\t\t\t<h2 class=\"elementor-heading-title elementor-size-default\">Parceiros APAMI<\/h2>\t\t\t\t<\/div>\n\t\t\t\t<div class=\"elementor-element elementor-element-4c5629cf premium-con-lq__glass1 premium-lq__none elementor-widget elementor-widget-jet-listing-grid\" data-id=\"4c5629cf\" data-element_type=\"widget\" data-e-type=\"widget\" data-settings=\"{&quot;columns&quot;:&quot;3&quot;,&quot;columns_mobile&quot;:&quot;1&quot;}\" data-widget_type=\"jet-listing-grid.default\">\n\t\t\t\t\t<div class=\"jet-listing-notice\">Please select listing to show.<\/div>\t\t\t\t<\/div>\n\t\t\t\t\t<\/div>\n\t\t\t\t<\/div>\n\t\t<div class=\"elementor-element elementor-element-22c376a0 e-con-full e-flex e-con e-parent\" data-id=\"22c376a0\" data-element_type=\"container\" data-e-type=\"container\" data-settings=\"{&quot;background_background&quot;:&quot;classic&quot;,&quot;jet_parallax_layout_list&quot;:[]}\">\n\t\t\t\t<\/div>\n\t\t\t\t<\/div>\n\t\t","protected":false},"excerpt":{"rendered":"<p>A P A M I Associa\u00e7\u00e3o de Prote\u00e7\u00e3o e Assist\u00eancia a Maternidade e a Inf\u00e2ncia de Lajes-RN Doar Contato 01 Miss\u00e3oProporcionar uma sa\u00fade humanizada e de excel\u00eancia com foco na vida e no acolhimento com qualidade compet\u00eancia e \u00e9tica de forma integrada \u00e0 comunidade. 02 Vis\u00e3oSer reconhecido a n\u00edvel Regional e Estadual pela excel\u00eancia em [&hellip;]<\/p>\n","protected":false},"author":1,"featured_media":0,"parent":0,"menu_order":0,"comment_status":"closed","ping_status":"closed","template":"elementor_header_footer","meta":{"footnotes":""},"class_list":["post-76","page","type-page","status-publish","hentry"],"yoast_head":"<!-- This site is optimized with the Yoast SEO Premium plugin v24.3 (Yoast SEO v24.3) - https:\/\/yoast.com\/wordpress\/plugins\/seo\/ -->\n<title>Home - APAMI LAJES - RN<\/title>\n<meta name=\"robots\" content=\"index, follow, max-snippet:-1, max-image-preview:large, max-video-preview:-1\" \/>\n<link rel=\"canonical\" href=\"https:\/\/1275cloud.com.br\/apamilajes\/\" \/>\n<meta property=\"og:locale\" content=\"pt_BR\" \/>\n<meta property=\"og:type\" content=\"article\" \/>\n<meta property=\"og:title\" content=\"Home\" \/>\n<meta property=\"og:description\" content=\"A P A M I Associa\u00e7\u00e3o de Prote\u00e7\u00e3o e Assist\u00eancia a Maternidade e a Inf\u00e2ncia de Lajes-RN Doar Contato 01 Miss\u00e3oProporcionar uma sa\u00fade humanizada e de excel\u00eancia com foco na vida e no acolhimento com qualidade compet\u00eancia e \u00e9tica de forma integrada \u00e0 comunidade. 02 Vis\u00e3oSer reconhecido a n\u00edvel Regional e Estadual pela excel\u00eancia em [&hellip;]\" \/>\n<meta property=\"og:url\" content=\"https:\/\/1275cloud.com.br\/apamilajes\/\" \/>\n<meta property=\"og:site_name\" content=\"APAMI LAJES - RN\" \/>\n<meta property=\"article:modified_time\" content=\"2026-01-22T02:51:51+00:00\" \/>\n<meta name=\"twitter:card\" content=\"summary_large_image\" \/>\n<meta name=\"twitter:label1\" content=\"Est. tempo de leitura\" \/>\n\t<meta name=\"twitter:data1\" content=\"1 minuto\" \/>\n<script type=\"application\/ld+json\" class=\"yoast-schema-graph\">{\"@context\":\"https:\/\/schema.org\",\"@graph\":[{\"@type\":\"WebPage\",\"@id\":\"https:\/\/1275cloud.com.br\/apamilajes\/\",\"url\":\"https:\/\/1275cloud.com.br\/apamilajes\/\",\"name\":\"Home - APAMI LAJES - RN\",\"isPartOf\":{\"@id\":\"https:\/\/1275cloud.com.br\/apamilajes\/#website\"},\"datePublished\":\"2026-01-22T02:51:45+00:00\",\"dateModified\":\"2026-01-22T02:51:51+00:00\",\"breadcrumb\":{\"@id\":\"https:\/\/1275cloud.com.br\/apamilajes\/#breadcrumb\"},\"inLanguage\":\"pt-BR\",\"potentialAction\":[{\"@type\":\"ReadAction\",\"target\":[\"https:\/\/1275cloud.com.br\/apamilajes\/\"]}]},{\"@type\":\"BreadcrumbList\",\"@id\":\"https:\/\/1275cloud.com.br\/apamilajes\/#breadcrumb\",\"itemListElement\":[{\"@type\":\"ListItem\",\"position\":1,\"name\":\"In\u00edcio\",\"item\":\"https:\/\/1275cloud.com.br\/apamilajes\/\"},{\"@type\":\"ListItem\",\"position\":2,\"name\":\"Home\"}]},{\"@type\":\"WebSite\",\"@id\":\"https:\/\/1275cloud.com.br\/apamilajes\/#website\",\"url\":\"https:\/\/1275cloud.com.br\/apamilajes\/\",\"name\":\"APAMI LAJES - RN\",\"description\":\"\",\"potentialAction\":[{\"@type\":\"SearchAction\",\"target\":{\"@type\":\"EntryPoint\",\"urlTemplate\":\"https:\/\/1275cloud.com.br\/apamilajes\/?s={search_term_string}\"},\"query-input\":{\"@type\":\"PropertyValueSpecification\",\"valueRequired\":true,\"valueName\":\"search_term_string\"}}],\"inLanguage\":\"pt-BR\"}]}<\/script>\n<!-- \/ Yoast SEO Premium plugin. -->","yoast_head_json":{"title":"Home - APAMI LAJES - RN","robots":{"index":"index","follow":"follow","max-snippet":"max-snippet:-1","max-image-preview":"max-image-preview:large","max-video-preview":"max-video-preview:-1"},"canonical":"https:\/\/1275cloud.com.br\/apamilajes\/","og_locale":"pt_BR","og_type":"article","og_title":"Home","og_description":"A P A M I Associa\u00e7\u00e3o de Prote\u00e7\u00e3o e Assist\u00eancia a Maternidade e a Inf\u00e2ncia de Lajes-RN Doar Contato 01 Miss\u00e3oProporcionar uma sa\u00fade humanizada e de excel\u00eancia com foco na vida e no acolhimento com qualidade compet\u00eancia e \u00e9tica de forma integrada \u00e0 comunidade. 02 Vis\u00e3oSer reconhecido a n\u00edvel Regional e Estadual pela excel\u00eancia em [&hellip;]","og_url":"https:\/\/1275cloud.com.br\/apamilajes\/","og_site_name":"APAMI LAJES - RN","article_modified_time":"2026-01-22T02:51:51+00:00","twitter_card":"summary_large_image","twitter_misc":{"Est. tempo de leitura":"1 minuto"},"schema":{"@context":"https:\/\/schema.org","@graph":[{"@type":"WebPage","@id":"https:\/\/1275cloud.com.br\/apamilajes\/","url":"https:\/\/1275cloud.com.br\/apamilajes\/","name":"Home - APAMI LAJES - RN","isPartOf":{"@id":"https:\/\/1275cloud.com.br\/apamilajes\/#website"},"datePublished":"2026-01-22T02:51:45+00:00","dateModified":"2026-01-22T02:51:51+00:00","breadcrumb":{"@id":"https:\/\/1275cloud.com.br\/apamilajes\/#breadcrumb"},"inLanguage":"pt-BR","potentialAction":[{"@type":"ReadAction","target":["https:\/\/1275cloud.com.br\/apamilajes\/"]}]},{"@type":"BreadcrumbList","@id":"https:\/\/1275cloud.com.br\/apamilajes\/#breadcrumb","itemListElement":[{"@type":"ListItem","position":1,"name":"In\u00edcio","item":"https:\/\/1275cloud.com.br\/apamilajes\/"},{"@type":"ListItem","position":2,"name":"Home"}]},{"@type":"WebSite","@id":"https:\/\/1275cloud.com.br\/apamilajes\/#website","url":"https:\/\/1275cloud.com.br\/apamilajes\/","name":"APAMI LAJES - RN","description":"","potentialAction":[{"@type":"SearchAction","target":{"@type":"EntryPoint","urlTemplate":"https:\/\/1275cloud.com.br\/apamilajes\/?s={search_term_string}"},"query-input":{"@type":"PropertyValueSpecification","valueRequired":true,"valueName":"search_term_string"}}],"inLanguage":"pt-BR"}]}},"_links":{"self":[{"href":"https:\/\/1275cloud.com.br\/apamilajes\/wp-json\/wp\/v2\/pages\/76","targetHints":{"allow":["GET"]}}],"collection":[{"href":"https:\/\/1275cloud.com.br\/apamilajes\/wp-json\/wp\/v2\/pages"}],"about":[{"href":"https:\/\/1275cloud.com.br\/apamilajes\/wp-json\/wp\/v2\/types\/page"}],"author":[{"embeddable":true,"href":"https:\/\/1275cloud.com.br\/apamilajes\/wp-json\/wp\/v2\/users\/1"}],"replies":[{"embeddable":true,"href":"https:\/\/1275cloud.com.br\/apamilajes\/wp-json\/wp\/v2\/comments?post=76"}],"version-history":[{"count":0,"href":"https:\/\/1275cloud.com.br\/apamilajes\/wp-json\/wp\/v2\/pages\/76\/revisions"}],"wp:attachment":[{"href":"https:\/\/1275cloud.com.br\/apamilajes\/wp-json\/wp\/v2\/media?parent=76"}],"curies":[{"name":"wp","href":"https:\/\/api.w.org\/{rel}","templated":true}]}}